{"id":63,"date":"2021-06-10T06:27:29","date_gmt":"2021-06-10T06:27:29","guid":{"rendered":"https:\/\/muzeul.uaic.ro\/?page_id=63"},"modified":"2023-02-25T19:09:46","modified_gmt":"2023-02-25T19:09:46","slug":"revista-muzeului","status":"publish","type":"page","link":"https:\/\/muzeul.uaic.ro\/index.php\/revista-muzeului\/","title":{"rendered":"Revista Muzeului"},"content":{"rendered":"<p>[vc_row][vc_column][vc_column_text]Revista Muzeului, <strong><a href=\"http:\/\/hui.uaic.ro\/\"><em>Historia Universitatis Iassiensis<\/em><\/a><\/strong>, este o publica\u021bie academic\u0103 dedicat\u0103 studiilor, articolelor, recenziilor, notelor bibliografice, rapoartelor academice, eseurilor \u0219i altor categorii de materiale tehnice \u0219i administrative. Tema lor se circumscrie problematicii istoriei universit\u0103\u021bii (\u0219i universit\u0103\u021bilor din Europa Central\u0103 \u0219i de Est, \u00een special), precum \u0219i istoriei educa\u021biei, \u00een general. Sunt binevenite (\u0219i \u00eencurajate) studiile comparate \u0219i teoretice privind istoria \u0219i istoriografia universit\u0103\u021bii. \u00cen acela\u0219i timp, acord\u0103m o importan\u021b\u0103 major\u0103 studiilor \u0219i articolelor legate de istoria educa\u021biei \u0219i a vie\u021bii intelectuale, \u00een m\u0103sura \u00een care acestea se refer\u0103 \u00een mod semnificativ la istoria universit\u0103\u021bii. \u00cempreun\u0103 cu contribu\u021biile istoriografice, revista \u00eencurajeaz\u0103, de asemenea, abord\u0103ri privind muzeologia universitar\u0103.<\/p>\n<p>Primul num\u0103r a fost publicat \u00een anul 2010. Din 2017, revista este inclus\u0103 \u00een urm\u0103toarele baze de date interna\u021bionale: Central and Eastern European Online Library \u2013 CEEOL; Directory of Open Access Journals \u2013 DOAJ; Index Copernicus; WorldCat; SCIPIO; Open Academic Journals Index \u2013 OAJI.[\/vc_column_text][\/vc_column][\/vc_row]<\/p>\n","protected":false},"excerpt":{"rendered":"<p>[vc_row][vc_column][vc_column_text]Revista Muzeului, Historia Universitatis Iassiensis, este o publica\u021bie academic\u0103 dedicat\u0103 studiilor, articolelor, recenziilor, notelor bibliografice, rapoartelor academice, eseurilor \u0219i altor categorii de materiale tehnice \u0219i administrative. Tema lor se circumscrie problematicii istoriei universit\u0103\u021bii (\u0219i universit\u0103\u021bilor din Europa Central\u0103 \u0219i de [&hellip;]<\/p>\n","protected":false},"author":1,"featured_media":0,"parent":0,"menu_order":0,"comment_status":"closed","ping_status":"closed","template":"","meta":[],"_links":{"self":[{"href":"https:\/\/muzeul.uaic.ro\/index.php\/wp-json\/wp\/v2\/pages\/63"}],"collection":[{"href":"https:\/\/muzeul.uaic.ro\/index.php\/wp-json\/wp\/v2\/pages"}],"about":[{"href":"https:\/\/muzeul.uaic.ro\/index.php\/wp-json\/wp\/v2\/types\/page"}],"author":[{"embeddable":true,"href":"https:\/\/muzeul.uaic.ro\/index.php\/wp-json\/wp\/v2\/users\/1"}],"replies":[{"embeddable":true,"href":"https:\/\/muzeul.uaic.ro\/index.php\/wp-json\/wp\/v2\/comments?post=63"}],"version-history":[{"count":3,"href":"https:\/\/muzeul.uaic.ro\/index.php\/wp-json\/wp\/v2\/pages\/63\/revisions"}],"predecessor-version":[{"id":216,"href":"https:\/\/muzeul.uaic.ro\/index.php\/wp-json\/wp\/v2\/pages\/63\/revisions\/216"}],"wp:attachment":[{"href":"https:\/\/muzeul.uaic.ro\/index.php\/wp-json\/wp\/v2\/media?parent=63"}],"curies":[{"name":"wp","href":"https:\/\/api.w.org\/{rel}","templated":true}]}}