{"id":54,"date":"2021-06-10T06:25:13","date_gmt":"2021-06-10T06:25:13","guid":{"rendered":"https:\/\/muzeul.uaic.ro\/?page_id=54"},"modified":"2021-06-10T06:25:13","modified_gmt":"2021-06-10T06:25:13","slug":"muzeul-civilizatiei-cucuteni","status":"publish","type":"page","link":"https:\/\/muzeul.uaic.ro\/index.php\/muzeul-civilizatiei-cucuteni\/","title":{"rendered":"Muzeul Civiliza\u021biei Cucuteni"},"content":{"rendered":"<p>Prima entitate dedicat\u0103 conserv\u0103rii antichit\u0103\u0163ilor intrate \u00een patrimoniul Universit\u0103\u0163ii \u201eAlexandru Ioan Cuza\u201d din Ia\u015fi ca urmare a excava\u0163iilor arheologice din arealul culturii Cucuteni a luat na\u015ftere \u00een 1916 prin eforturile profesorului Orest Tafrali (Muzeul de Antichit\u0103\u0163i). Dup\u0103 al doilea r\u0103zboi modial aceste obiecte au trecut \u00een custodia Muzeului de Istorie a Moldovei.<\/p>\n<p>Cercet\u0103rile \u00eentreprinse \u00een perioada postbelic\u0103 de c\u0103tre arheologii care au activat \u00een cadrul Facult\u0103\u0163ii de Istorie sau la Institutul de Arheologie din Ia\u015fi, precum Radu Vulpe, Mircea Petrescu-D\u00eembovi\u0163a, Marin Dinu, Attila L\u00e1szl\u00f3, Dan Monah \u015fi Nicolae Ursulescu au dus la constituirea unei noi colec\u0163ii reprezentative pentru via\u0163a material\u0103 \u015fi manifest\u0103rile spirituale care au f\u0103cut celebr\u0103 aceast\u0103 str\u0103veche civiliza\u0163ie. Unele dintre cele mai valoroase piese, ob\u0163inute \u00een urma mai multor campanii de s\u0103p\u0103turi, la care se adaug\u0103 exponate provenind din Colec\u0163ia Funda\u0163iei Cucuteni pentru mileniul III, sunt acum reunite \u00een cadrul Muzeului Universit\u0103\u0163ii \u201eAlexandru Ioan Cuza\u201d din Ia\u015fi.<\/p>\n<p>Spa\u0163iul dedicat Civiliza\u0163iei Cucuteni este amenajat la parter, \u00eentr-o manier\u0103 modern\u0103, astfel \u00eenc\u00e2t imaginile care reproduc scene din via\u0163a cotidian\u0103 sunt ilustrate cu ajutorul unor exponate originale. \u00cen camera central\u0103 oaspe\u0163ii sunt transpu\u015fi \u00een intimitatea domeniului fascinant al cercet\u0103rilor arheologice, prin intermediul unei reconstituiri de amploare, care red\u0103 diversele stadii ale explor\u0103rii, de la investiga\u0163ia pe teren, p\u00e2n\u0103 la restaurarea pieselor prelevate \u00een urma s\u0103p\u0103turilor. Vizitatorii vor p\u0103trunde apoi \u00een Sala Artelor, put\u00e2nd privi celebrele vase cu motivul spiralei, pictate \u00een ro\u015fu, negru \u015fi alb. Urmeaz\u0103 Sala Ocupa\u0163iilor, unde a fost amenajat\u0103 o locuin\u0163\u0103 caracteristic\u0103 epocii \u015fi sunt expuse diverse unelte \u015fi arme. Circuitul se \u00eencheie \u00een Sala \u201eMesaje peste milenii\u201d, care g\u0103zduie\u015fte podoabe \u015fi obiecte de cult. \u00cen acest ultim spa\u0163iu s-a urm\u0103rit crearea unei atmosfere speciale, prin relieful meandric al pere\u0163ilor de lut \u015fi tavanul care reproduce cerul \u00eenstelat sub care \u015fi-au f\u0103urit civiliza\u0163ia acum 7000 de ani locuitorii acestei p\u0103r\u0163i a Europei.<\/p>\n<p>Modul original de organizare a spa\u0163iului este completat printr-un bogat material ilustrativ de factur\u0103 audio-video, const\u00e2nd \u00een prezentarea rezultatelor cercet\u0103rilor arheologice, \u00een special a celor experimentale, astfel \u00eenc\u00e2t \u00eentregul ansamblu ajunge s\u0103 restituie \u00eentr-o manier\u0103 autentic\u0103 un fragment din umanitatea de odinioar\u0103.<\/p>\n<p>Vizitatorii au la dispozi\u021bie un ghid audio, \u00een limbile rom\u00e2n\u0103, englez\u0103 \u0219i francez\u0103, printr-o aplica\u021bie disponibil\u0103 la Muzeu.<\/p>\n","protected":false},"excerpt":{"rendered":"<p>Prima entitate dedicat\u0103 conserv\u0103rii antichit\u0103\u0163ilor intrate \u00een patrimoniul Universit\u0103\u0163ii \u201eAlexandru Ioan Cuza\u201d din Ia\u015fi ca urmare a excava\u0163iilor arheologice din arealul culturii Cucuteni a luat na\u015ftere \u00een 1916 prin eforturile profesorului Orest Tafrali (Muzeul de Antichit\u0103\u0163i). Dup\u0103 al doilea r\u0103zboi [&hellip;]<\/p>\n","protected":false},"author":1,"featured_media":0,"parent":0,"menu_order":0,"comment_status":"closed","ping_status":"closed","template":"","meta":[],"_links":{"self":[{"href":"https:\/\/muzeul.uaic.ro\/index.php\/wp-json\/wp\/v2\/pages\/54"}],"collection":[{"href":"https:\/\/muzeul.uaic.ro\/index.php\/wp-json\/wp\/v2\/pages"}],"about":[{"href":"https:\/\/muzeul.uaic.ro\/index.php\/wp-json\/wp\/v2\/types\/page"}],"author":[{"embeddable":true,"href":"https:\/\/muzeul.uaic.ro\/index.php\/wp-json\/wp\/v2\/users\/1"}],"replies":[{"embeddable":true,"href":"https:\/\/muzeul.uaic.ro\/index.php\/wp-json\/wp\/v2\/comments?post=54"}],"version-history":[{"count":1,"href":"https:\/\/muzeul.uaic.ro\/index.php\/wp-json\/wp\/v2\/pages\/54\/revisions"}],"predecessor-version":[{"id":55,"href":"https:\/\/muzeul.uaic.ro\/index.php\/wp-json\/wp\/v2\/pages\/54\/revisions\/55"}],"wp:attachment":[{"href":"https:\/\/muzeul.uaic.ro\/index.php\/wp-json\/wp\/v2\/media?parent=54"}],"curies":[{"name":"wp","href":"https:\/\/api.w.org\/{rel}","templated":true}]}}