{"id":52,"date":"2021-06-10T06:24:40","date_gmt":"2021-06-10T06:24:40","guid":{"rendered":"https:\/\/muzeul.uaic.ro\/?page_id=52"},"modified":"2021-06-10T06:24:40","modified_gmt":"2021-06-10T06:24:40","slug":"muzeul-academic","status":"publish","type":"page","link":"https:\/\/muzeul.uaic.ro\/index.php\/muzeul-academic\/","title":{"rendered":"Muzeul Academic"},"content":{"rendered":"<p>Muzeul Universit\u0103\u0163ii \u201eAlexandru Ioan Cuza\u201d din Ia\u015fi a func\u0163ionat vreme de mai multe decenii \u00een incinta Rectoratului. Prin grija lui Octav Davideanu au fost salvate mai multe bunuri de valoare, de\u015fi nu toate au devenit accesibile publicului. O pare \u00eensemnat\u0103 din patrimoniul documentar \u015fi diverse obiecte cu semnifica\u0163ie simbolic\u0103 deosebit\u0103 se p\u0103streaz\u0103 \u00een diverse arhive particulare, precum \u015fi \u00een custodia unor institu\u0163ii precum Muzeul Petru Poni, Muzeul Unirii, Arhivele Na\u021bionale ale Rom\u00e2niei etc. Unele dintre acestea au fost recuperate \u00een ultimii ani prin dona\u0163ii \u015fi achizi\u0163ii, apel\u00e2ndu-se \u00een acela\u015fi timp \u015fi la ob\u0163inerea unor custodii.<\/p>\n<p>Localul Muzeului ofer\u0103 sec\u0163iei Academice un spa\u0163iu generos, organizat at\u00e2t dup\u0103 criterii tematice, c\u00e2t \u015fi prin raportare la diversele etape istorice prin care a trecut \u00eenv\u0103\u0163\u0103m\u00e2ntul superior ie\u015fean. Astfel, a fost posibil\u0103 amenajarea unei replici a cabinetului rectoral, unde, pe l\u00e2ng\u0103 piesele de mobilier, pot fi admirate c\u00e2teva dintre simbolurile Universit\u0103\u0163ii, precum ciocanul \u015fi mistria folosite pe 23 mai 1893, la solemnitatea a\u015fez\u0103rii pietrei fundamentale a palatului universitar din Copou, primele decora\u0163ii \u015fi diverse sigilii. Un spa\u0163iu consistent este alocat evolu\u0163iei istorice a institu\u0163iei, fiind marcate, cu ajutorul unor exponate reprezentative (steagurile primelor facult\u0103\u0163i, tablouri cu personalit\u0103\u0163i, documente oficiale, medalii, fotografii, publica\u0163ii), momentul inaugural \u015fi anivers\u0103rile din 1910\/1911, 1960, 1985 \u015fi 2010.<\/p>\n<p>Cea mai mare parte a spa\u0163iului este dedicat\u0103 evolu\u0163iei disciplinelor academice, urm\u0103rindu-se ilustrarea realiz\u0103rilor \u00een planul cunoa\u015fterii \u015fi parcursul \u015ftiin\u0163ific al personalit\u0103\u0163ilor emblematice. Diversele laboratoare, Muzeul de Istorie Natural\u0103, Gr\u0103dina Botanic\u0103 \u015fi Biblioteca Central\u0103 Universitar\u0103 beneficiaz\u0103 de o expunere adecvat\u0103, fiind marcat\u0103 importan\u0163a \u00een planul cercet\u0103rii a fiec\u0103reia dintre aceste componente ale spa\u0163iului academic. Un loc aparte este rezervat celor care, de-a lungul timpului, au fost studen\u0163i ai acestei Universit\u0103\u0163i. De asemenea, rela\u0163iile interna\u0163ionale ale celei mai vechi institu\u0163ii rom\u00e2ne\u015fti de \u00eenv\u0103\u0163\u0103m\u00e2nt superior sunt evocate \u00eentr-un cadru distinct. Pe l\u00e2ng\u0103 elementele de mobilier, menite s\u0103 creeze o ambian\u0163\u0103 academic\u0103, atmosfera este \u00eentre\u0163inut\u0103 din punct de vedere audio-vizual de filme care \u00eenf\u0103\u0163i\u015feaz\u0103 \u00een rom\u00e2n\u0103 \u015fi englez\u0103 istoria institu\u0163iei.<\/p>\n<p>Vizitatorii au la dispozi\u021bie un ghid audio, \u00een limbile rom\u00e2n\u0103, englez\u0103 \u0219i francez\u0103, printr-o aplica\u021bie disponibil\u0103 la Muzeu.<\/p>\n","protected":false},"excerpt":{"rendered":"<p>Muzeul Universit\u0103\u0163ii \u201eAlexandru Ioan Cuza\u201d din Ia\u015fi a func\u0163ionat vreme de mai multe decenii \u00een incinta Rectoratului. Prin grija lui Octav Davideanu au fost salvate mai multe bunuri de valoare, de\u015fi nu toate au devenit accesibile publicului. O pare \u00eensemnat\u0103 [&hellip;]<\/p>\n","protected":false},"author":1,"featured_media":0,"parent":0,"menu_order":0,"comment_status":"closed","ping_status":"closed","template":"","meta":[],"_links":{"self":[{"href":"https:\/\/muzeul.uaic.ro\/index.php\/wp-json\/wp\/v2\/pages\/52"}],"collection":[{"href":"https:\/\/muzeul.uaic.ro\/index.php\/wp-json\/wp\/v2\/pages"}],"about":[{"href":"https:\/\/muzeul.uaic.ro\/index.php\/wp-json\/wp\/v2\/types\/page"}],"author":[{"embeddable":true,"href":"https:\/\/muzeul.uaic.ro\/index.php\/wp-json\/wp\/v2\/users\/1"}],"replies":[{"embeddable":true,"href":"https:\/\/muzeul.uaic.ro\/index.php\/wp-json\/wp\/v2\/comments?post=52"}],"version-history":[{"count":1,"href":"https:\/\/muzeul.uaic.ro\/index.php\/wp-json\/wp\/v2\/pages\/52\/revisions"}],"predecessor-version":[{"id":53,"href":"https:\/\/muzeul.uaic.ro\/index.php\/wp-json\/wp\/v2\/pages\/52\/revisions\/53"}],"wp:attachment":[{"href":"https:\/\/muzeul.uaic.ro\/index.php\/wp-json\/wp\/v2\/media?parent=52"}],"curies":[{"name":"wp","href":"https:\/\/api.w.org\/{rel}","templated":true}]}}