{"id":50,"date":"2021-06-10T06:24:09","date_gmt":"2021-06-10T06:24:09","guid":{"rendered":"https:\/\/muzeul.uaic.ro\/?page_id=50"},"modified":"2021-06-10T06:24:09","modified_gmt":"2021-06-10T06:24:09","slug":"misiune","status":"publish","type":"page","link":"https:\/\/muzeul.uaic.ro\/index.php\/misiune\/","title":{"rendered":"Misiune"},"content":{"rendered":"<p>Muzeul, care de\u0163ine statutul de departament \u00een cadrul Universit\u0103\u0163ii, cumuleaz\u0103 dubla tradi\u0163ie a valorific\u0103rii materialelor rezultate din cercet\u0103rile arheologice \u015fi a celor care apar\u0163in de istoria vie\u0163ii academice. Pornind de la aceast\u0103 mo\u015ftenire istoric\u0103 \u015fi simbolic\u0103, oferit\u0103 de Muzeul de Antichit\u0103\u021bi, fondat \u00een 1916, \u0219i de expozi\u021biile din 1960 \u0219i 1985, Muzeul Universit\u0103\u0163ii este organizat \u00een dou\u0103 sec\u0163ii, una arheologic\u0103 \u015fi alta academic\u0103, aflate \u00eentr-o rela\u0163ie de complementaritate.<\/p>\n<p>Pe l\u00e2ng\u0103 tradi\u0163e, liantul dintre aceste componente administrative este asigurat de concep\u0163ia unitar\u0103, potrivit c\u0103reia activitatea de conservare \u015fi expunere este dublat\u0103 de realizarea cadrului propice cunoa\u015fterii trecutului Universit\u0103\u0163ii, sub toate aspectele sale. Pe l\u00e2ng\u0103 misiunea patrimonial\u0103, institu\u0163ia noastr\u0103 \u00ee\u015fi propune s\u0103 func\u0163ioneze ca un spa\u0163iu formativ \u015fi de promovare a schimburilor universitare, gra\u0163ie constituirii \u00een interiorul s\u0103u a unei platforme de cercetare consacrat\u0103 trecutului institu\u0163iilor de \u00eenv\u0103\u0163\u0103m\u00e2nt superior \u015fi a culturii universitare \u00een general. Rezultatele acestor eforturi de cunoa\u015ftere sunt valorificate prin intermediul unor manifest\u0103ri \u015ftiin\u0163ifice periodice \u0219i editate \u00een revista Muzeului, Historia Universitatis Iassiensis, prima \u0219i singura publica\u021bie periodic\u0103 de istorie universitar\u0103 din Rom\u00e2nia.<\/p>\n<p>Muzeul reprezint\u0103 o expresie a prestigiului institu\u0163ional \u015fi totodat\u0103 un catalizator al comunit\u0103\u0163ii academice. El p\u0103streaz\u0103 \u0219i \u00eembog\u0103\u021be\u0219te permanent patrimoniul universitar (cuprinz\u00e2nd \u0219i arhiva istoric\u0103), asigur\u0103 leg\u0103tura dintre colec\u021bionarii particulari, reprezenta\u021bi mai cu seam\u0103 de profesori, \u0219i public, se constituie \u00een c\u00e2mp de aplica\u021bii pentru studen\u021bi, asigur\u0103 leg\u0103turi durabile \u00eentre elevi \u0219i mediul academic ie\u0219ean, constituie un spa\u0163iu formativ \u0219i un factor coagulant al fiec\u0103rei promo\u0163ii de studen\u021bi, oferind absolven\u0163ilor principalul reper intelectual identitar.<\/p>\n","protected":false},"excerpt":{"rendered":"<p>Muzeul, care de\u0163ine statutul de departament \u00een cadrul Universit\u0103\u0163ii, cumuleaz\u0103 dubla tradi\u0163ie a valorific\u0103rii materialelor rezultate din cercet\u0103rile arheologice \u015fi a celor care apar\u0163in de istoria vie\u0163ii academice. Pornind de la aceast\u0103 mo\u015ftenire istoric\u0103 \u015fi simbolic\u0103, oferit\u0103 de Muzeul de [&hellip;]<\/p>\n","protected":false},"author":1,"featured_media":0,"parent":0,"menu_order":0,"comment_status":"closed","ping_status":"closed","template":"","meta":[],"_links":{"self":[{"href":"https:\/\/muzeul.uaic.ro\/index.php\/wp-json\/wp\/v2\/pages\/50"}],"collection":[{"href":"https:\/\/muzeul.uaic.ro\/index.php\/wp-json\/wp\/v2\/pages"}],"about":[{"href":"https:\/\/muzeul.uaic.ro\/index.php\/wp-json\/wp\/v2\/types\/page"}],"author":[{"embeddable":true,"href":"https:\/\/muzeul.uaic.ro\/index.php\/wp-json\/wp\/v2\/users\/1"}],"replies":[{"embeddable":true,"href":"https:\/\/muzeul.uaic.ro\/index.php\/wp-json\/wp\/v2\/comments?post=50"}],"version-history":[{"count":1,"href":"https:\/\/muzeul.uaic.ro\/index.php\/wp-json\/wp\/v2\/pages\/50\/revisions"}],"predecessor-version":[{"id":51,"href":"https:\/\/muzeul.uaic.ro\/index.php\/wp-json\/wp\/v2\/pages\/50\/revisions\/51"}],"wp:attachment":[{"href":"https:\/\/muzeul.uaic.ro\/index.php\/wp-json\/wp\/v2\/media?parent=50"}],"curies":[{"name":"wp","href":"https:\/\/api.w.org\/{rel}","templated":true}]}}