{"id":43,"date":"2021-06-10T06:21:46","date_gmt":"2021-06-10T06:21:46","guid":{"rendered":"https:\/\/muzeul.uaic.ro\/?page_id=43"},"modified":"2024-02-20T10:52:59","modified_gmt":"2024-02-20T10:52:59","slug":"biblioteca","status":"publish","type":"page","link":"https:\/\/muzeul.uaic.ro\/index.php\/biblioteca\/","title":{"rendered":"Bibliotec\u0103"},"content":{"rendered":"<p>[vc_row][vc_column][vc_column_text]Din anul 2007, de c\u00e2nd au \u00eenceput lucr\u0103rile pentru reconstituirea, \u00eentr-un spa\u021biu nou, a Muzeului Academic, s-au pus bazele unei biblioteci proprii. Ea s-a constituit \u00een timp, iar procesul este \u00een permanent\u0103 desf\u0103\u0219urare, din dona\u021biile profesorilor Universit\u0103\u021bii, care ne-au l\u0103sat lucr\u0103ri reprezentative pentru activitatea lor academic\u0103, \u0219i din colabor\u0103ri (custodie) cu bibliotecile facult\u0103\u021bilor \u0219i cu Biblioteca Central\u0103 Universitar\u0103 \u201eMihai Eminescu\u201d din Ia\u0219i, care ne-au pus la dispozi\u021bie c\u0103r\u021bi, reviste \u0219i manuscrise. Printre donatori (profesori, cercet\u0103tori sau prieteni ai Muzeului Universit\u0103\u021bii) men\u021bion\u0103m pe: Dinu Airinei, Mihai Bulai, Ioan Capro\u0219u, Ovidiu C\u00e2rj\u0103, Andrei Cosmovici, Vasile Cotiug\u0103, Teodor Dima, Mircea Petrescu-D\u00eembovi\u021ba, Ioan Donis\u0103, Emil Dumea, Petre Dumitrescu, Viorel Erhan, Nicu Gavrilu\u021b\u0103, Lumini\u021ba Iacob, Gheorghe Iacob, Petru Ioan, Sorin Iftimi, Leonte Ivanov, Mihai Jakot\u0103, I. D. L\u0103udat, Gheorghe Macarie, Ionel Mangalagiu, Bogdan-Petru Maleon, Mariana Momanu, Marina Mure\u0219anu, Rodica Neculau, Al. Papp, Ioan I. Solcan, Vasile \u0218andru, Ion Todera\u0219cu, Constantin Toma, Mihaela Tomaziu-Todosia, Alexandru Ungureanu, Nicolae Ursulescu, Nelu Zugravu \u0219.a.<\/p>\n<p>Biblioteca Muzeului nu \u00ee\u0219i propune \u0219i nu poate fi o bibliotec\u0103 generalist\u0103, \u201econcur\u00e2nd\u201d cu marile institu\u021bii de profil locale \u0219i na\u021bionale. Pornind de la rolul Muzeului de p\u0103str\u0103tor al memoriei institu\u021bionale \u0219i personale \u0219i de centru de cercetare a istoriei academice ie\u0219ene \u0219i rom\u00e2ne\u0219ti, Biblioteca este proiectat\u0103 s\u0103 fie una specializat\u0103. Ea de\u021bine \u0219i se va \u00eembog\u0103\u021bi \u00een continuare cu lucr\u0103ri ale profesorilor, reviste ale Universit\u0103\u021bii, c\u0103r\u021bi de istorie universitar\u0103, muzeologie, patrimoniu \u0219i arheologie, structur\u0103 consonant\u0103 cu expozi\u021biile permanente \u0219i cu domeniile prioritare de cercetare asumate.<\/p>\n<p>\u00cen dorin\u021ba de a \u00eembog\u0103\u021bi acest patrimoniu livresc, facem apel la bun\u0103voin\u021ba celor care sunt interesa\u021bi, s\u0103 fac\u0103 \u00een continuare dona\u021bii de carte, care se \u00eencadreaz\u0103 tematic \u00een domeniile indicate.<\/p>\n<p>Consultarea c\u0103r\u021bilor \u0219i a revistelor din Biblioteca Muzeului se face la sediul institu\u021biei, prin solicitarea cotei dorite (\u00een coloana Nr. Inventar). O comand\u0103 nu poate dep\u0103\u0219i cinci cote pe zi.<\/p>\n<p style=\"text-align: right;\">Responsabil: Muzeograf IA Petronela Buruian\u0103<\/p>\n<p>[\/vc_column_text][\/vc_column][\/vc_row]<\/p>\n","protected":false},"excerpt":{"rendered":"<p>[vc_row][vc_column][vc_column_text]Din anul 2007, de c\u00e2nd au \u00eenceput lucr\u0103rile pentru reconstituirea, \u00eentr-un spa\u021biu nou, a Muzeului Academic, s-au pus bazele unei biblioteci proprii. Ea s-a constituit \u00een timp, iar procesul este \u00een permanent\u0103 desf\u0103\u0219urare, din dona\u021biile profesorilor Universit\u0103\u021bii, care ne-au l\u0103sat [&hellip;]<\/p>\n","protected":false},"author":1,"featured_media":0,"parent":0,"menu_order":0,"comment_status":"closed","ping_status":"closed","template":"","meta":[],"_links":{"self":[{"href":"https:\/\/muzeul.uaic.ro\/index.php\/wp-json\/wp\/v2\/pages\/43"}],"collection":[{"href":"https:\/\/muzeul.uaic.ro\/index.php\/wp-json\/wp\/v2\/pages"}],"about":[{"href":"https:\/\/muzeul.uaic.ro\/index.php\/wp-json\/wp\/v2\/types\/page"}],"author":[{"embeddable":true,"href":"https:\/\/muzeul.uaic.ro\/index.php\/wp-json\/wp\/v2\/users\/1"}],"replies":[{"embeddable":true,"href":"https:\/\/muzeul.uaic.ro\/index.php\/wp-json\/wp\/v2\/comments?post=43"}],"version-history":[{"count":3,"href":"https:\/\/muzeul.uaic.ro\/index.php\/wp-json\/wp\/v2\/pages\/43\/revisions"}],"predecessor-version":[{"id":226,"href":"https:\/\/muzeul.uaic.ro\/index.php\/wp-json\/wp\/v2\/pages\/43\/revisions\/226"}],"wp:attachment":[{"href":"https:\/\/muzeul.uaic.ro\/index.php\/wp-json\/wp\/v2\/media?parent=43"}],"curies":[{"name":"wp","href":"https:\/\/api.w.org\/{rel}","templated":true}]}}