{"id":40,"date":"2021-06-10T06:21:00","date_gmt":"2021-06-10T06:21:00","guid":{"rendered":"https:\/\/muzeul.uaic.ro\/?page_id=40"},"modified":"2021-06-10T06:21:00","modified_gmt":"2021-06-10T06:21:00","slug":"arhiva-universitatii","status":"publish","type":"page","link":"https:\/\/muzeul.uaic.ro\/index.php\/arhiva-universitatii\/","title":{"rendered":"Arhiva Universit\u0103\u021bii"},"content":{"rendered":"<p>[vc_row][vc_column][vc_column_text]Arhiva Universit\u0103\u021bii \u201eAlexandru Ioan Cuza\u201d din Ia\u0219i este, din 2016, un compartiment subordonat deopotriv\u0103 Secretariatului General al Universit\u0103\u021bii \u0219i Muzeului Universit\u0103\u021bii. Ea desf\u0103\u0219oar\u0103 at\u00e2t activit\u0103\u021bi administrative curente, de inventariere, p\u0103strare, conservare \u0219i selec\u021bionare a materialului documentar realizat \u00een cadrul institu\u021biei, c\u00e2t \u0219i activit\u0103\u021bi de cercetare a trecutului Universit\u0103\u021bii \u0219i de promovare a patrimoniului documentar universitar.<\/p>\n<p>Arhiva gestioneaz\u0103 peste 800 de metri liniari de documente create \u00een perioada 1956-1990. Documentele create de la \u00eenfiin\u021barea institu\u021biei p\u00e2n\u0103 \u00een 1955 au fost predate la Serviciul Jude\u021bean Ia\u0219i al Arhivelor Na\u021bionale.<\/p>\n<p>Documentele aflate \u00een Arhiv\u0103 constituie un singur fond \u2013 Fondul Universitatea \u201eAlexandru Ioan Cuza\u201d din Ia\u0219i \u2013 care, la r\u00e2ndul s\u0103u, este grupat \u00een alte trei subfonduri: subfondul Rectorat, subfondul Facult\u0103\u021bi \u0219i subfondul Servicii\/Administrativ. Subfondurile sunt inventariate tematic \u0219i cronologic, pe departamente, aceast\u0103 structurare reflect\u00e2nd organigrama Universit\u0103\u021bii \u00een perioada de referin\u021b\u0103.<\/p>\n<p>Cel mai consistent, din punct de vedere volumetric, este subfondul Facult\u0103\u021bi \u0219i cel mai solicitat pentru cercetare este subfondul Rectorat. Subfondul Rectorat ofer\u0103 informa\u021bii privind coresponden\u021ba cu Ministerul \u00cenv\u0103\u021b\u0103m\u00e2ntului \u0219i alte institu\u021bii din \u021bar\u0103, rela\u021biile externe ale Universit\u0103\u021bii, func\u021bionarea Secretariatului \u0218tiin\u021bific, a Secretariatului Metodico-Didactic, a serviciului Acte de Studii sau informa\u021bii privind sus\u021binerea tezelor de doctorat.<\/p>\n<p>Subfondul Facult\u0103\u021bi este structurat tematic \u00een: Facultatea de Matematic\u0103-Fizic\u0103 cu documente din perioada 1956-1984, Facultatea de Filologie (1956-1976), Facultatea de Istorie-Filosofie (1956-1984), Facultatea de \u0218tiin\u021be Economice (1956-1976) etc. Acesta cuprinde documente ce reflect\u0103 activitatea didactic\u0103, ordinele \u0219i circularele de la\/c\u0103tre Ministerul \u00cenv\u0103\u021b\u0103m\u00e2ntului, coresponden\u021ba, dar \u0219i dosarele personale ale studen\u021bilor.<\/p>\n<p>Subfondul Servicii\/Administrativ este structurat \u00een: Serviciul Personal, Serviciul Social-Administrativ, Serviciul Plan-Retribuire, Serviciul Contabilitate \u0219i Control Financiar Intern. Tipurile de documentele cuprinse \u00een acest subfond sunt: decizii, \u00eencadr\u0103ri, avans\u0103ri, grada\u021bii \u0219i coresponden\u021b\u0103 privind personalul institu\u021biei. De asemenea, con\u021bine diferite ordine, instruc\u021biuni\/regulamente \u0219i planuri de munc\u0103, state de salarii sau planuri de venituri \u0219i cheltuieli etc.<\/p>\n<p>Arhiva se afl\u0103 \u00een Palatul Universitar, la demisol, tel. 0232 20 1000 interior 2384.<\/p>\n<p>Accesul cercet\u0103torilor se face pe baza unei cereri \u00eenaintate conducerii Universit\u0103\u021bii, avizate de Arhiv\u0103 \u0219i \u00eenregistrate la Registratura General\u0103. O comand\u0103 nu poate dep\u0103\u0219i trei dosare.<\/p>\n<p style=\"text-align: right;\">Responsabil cu Arhiva Universit\u0103\u021bii:<br \/>\nIana Balan \u2013 Muzeograf II<br \/>\nElena Vasilache \u2013 Administrator financiar<\/p>\n<p>&nbsp;<\/p>\n<p>Anexe: inventarele de fond \u0219i cererea de acces[\/vc_column_text][\/vc_column][\/vc_row]<\/p>\n","protected":false},"excerpt":{"rendered":"<p>[vc_row][vc_column][vc_column_text]Arhiva Universit\u0103\u021bii \u201eAlexandru Ioan Cuza\u201d din Ia\u0219i este, din 2016, un compartiment subordonat deopotriv\u0103 Secretariatului General al Universit\u0103\u021bii \u0219i Muzeului Universit\u0103\u021bii. Ea desf\u0103\u0219oar\u0103 at\u00e2t activit\u0103\u021bi administrative curente, de inventariere, p\u0103strare, conservare \u0219i selec\u021bionare a materialului documentar realizat \u00een cadrul institu\u021biei, [&hellip;]<\/p>\n","protected":false},"author":1,"featured_media":0,"parent":0,"menu_order":0,"comment_status":"closed","ping_status":"closed","template":"","meta":[],"_links":{"self":[{"href":"https:\/\/muzeul.uaic.ro\/index.php\/wp-json\/wp\/v2\/pages\/40"}],"collection":[{"href":"https:\/\/muzeul.uaic.ro\/index.php\/wp-json\/wp\/v2\/pages"}],"about":[{"href":"https:\/\/muzeul.uaic.ro\/index.php\/wp-json\/wp\/v2\/types\/page"}],"author":[{"embeddable":true,"href":"https:\/\/muzeul.uaic.ro\/index.php\/wp-json\/wp\/v2\/users\/1"}],"replies":[{"embeddable":true,"href":"https:\/\/muzeul.uaic.ro\/index.php\/wp-json\/wp\/v2\/comments?post=40"}],"version-history":[{"count":2,"href":"https:\/\/muzeul.uaic.ro\/index.php\/wp-json\/wp\/v2\/pages\/40\/revisions"}],"predecessor-version":[{"id":42,"href":"https:\/\/muzeul.uaic.ro\/index.php\/wp-json\/wp\/v2\/pages\/40\/revisions\/42"}],"wp:attachment":[{"href":"https:\/\/muzeul.uaic.ro\/index.php\/wp-json\/wp\/v2\/media?parent=40"}],"curies":[{"name":"wp","href":"https:\/\/api.w.org\/{rel}","templated":true}]}}